{"id":35,"date":"2019-07-02T20:54:58","date_gmt":"2019-07-02T20:54:58","guid":{"rendered":"http:\/\/dasnatlab.de\/?page_id=35"},"modified":"2019-07-03T05:37:34","modified_gmt":"2019-07-03T05:37:34","slug":"arboristik","status":"publish","type":"page","link":"https:\/\/dasnatlab.de\/index.php\/arboristik\/","title":{"rendered":"Arboristik"},"content":{"rendered":"\n<div class=\"wp-block-image\"><figure class=\"alignright is-resized\"><img decoding=\"async\" loading=\"lazy\" src=\"http:\/\/dasnatlab.de\/wp-content\/uploads\/2019\/07\/IMGP4634-683x1024.jpg\" alt=\"\" class=\"wp-image-83\" width=\"349\" height=\"523\" srcset=\"https:\/\/dasnatlab.de\/wp-content\/uploads\/2019\/07\/IMGP4634-683x1024.jpg 683w, https:\/\/dasnatlab.de\/wp-content\/uploads\/2019\/07\/IMGP4634-200x300.jpg 200w, https:\/\/dasnatlab.de\/wp-content\/uploads\/2019\/07\/IMGP4634-768x1152.jpg 768w\" sizes=\"(max-width: 349px) 100vw, 349px\" \/><\/figure><\/div>\n\n\n\n<p>Wenn man vor lauter\nWald die B\u00e4ume nicht mehr sieht, wird es Zeit, das Kletterseil\neinzuwerfen und in die Wipfel zu steigen! Wir tr\u00e4umen von einem\nBaumhausb\u00fcro, aber bis es soweit ist, \u00fcberlassen wir das Wohnen und\nArbeiten im gr\u00fcnen Stockwerkbau noch den Flederm\u00e4usen und\nxylobionten K\u00e4fern. F\u00fcr einen Kurzbesuch mit Leiter, Endoskop und\nSeilklettertechnik sind wir ger\u00fcstet und bietet Dienstleistungen im\nZusammenhang mit H\u00f6hlenkontrollen und -verschlie\u00dfungen an. \n<\/p>\n\n\n\n<p>Auch Baumpflege in\nkleinerem Umfang geh\u00f6rt zu unserem Portfolio. Bei gr\u00f6\u00dferen\nAuftr\u00e4gen verweisen wir gern auf unsere Gesch\u00e4fts-Partner in\nDresden und Umgebung. \n<\/p>\n","protected":false},"excerpt":{"rendered":"<p>Wenn man vor lauter Wald die B\u00e4ume nicht mehr sieht, wird es Zeit, das Kletterseil einzuwerfen und in die Wipfel zu steigen! Wir tr\u00e4umen von einem Baumhausb\u00fcro, aber bis es soweit ist, \u00fcberlassen wir das Wohnen und Arbeiten im gr\u00fcnen Stockwerkbau noch den Flederm\u00e4usen und xylobionten K\u00e4fern. F\u00fcr einen Kurzbesuch mit Leiter, Endoskop und Seilklettertechnik sind wir ger\u00fcstet und bietet Dienstleistungen im Zusammenhang mit H\u00f6hlenkontrollen und -verschlie\u00dfungen an. Auch Baumpflege in kleinerem Umfang geh\u00f6rt zu unserem Portfolio. Bei gr\u00f6\u00dferen Auftr\u00e4gen verweisen wir gern auf unsere Gesch\u00e4fts-Partner in Dresden und Umgebung.<\/p>\n","protected":false},"author":1,"featured_media":0,"parent":0,"menu_order":0,"comment_status":"closed","ping_status":"closed","template":"","meta":[],"yoast_head":"<!-- This site is optimized with the Yoast SEO plugin v19.13 - https:\/\/yoast.com\/wordpress\/plugins\/seo\/ -->\n<title>Arboristik &middot; Das Natlab<\/title>\n<meta name=\"robots\" content=\"index, follow, max-snippet:-1, max-image-preview:large, max-video-preview:-1\" \/>\n<link rel=\"canonical\" href=\"https:\/\/dasnatlab.de\/index.php\/arboristik\/\" \/>\n<meta property=\"og:locale\" content=\"en_US\" \/>\n<meta property=\"og:type\" content=\"article\" \/>\n<meta property=\"og:title\" content=\"Arboristik &middot; Das Natlab\" \/>\n<meta property=\"og:description\" content=\"Wenn man vor lauter Wald die B\u00e4ume nicht mehr sieht, wird es Zeit, das Kletterseil einzuwerfen und in die Wipfel zu steigen! Wir tr\u00e4umen von einem Baumhausb\u00fcro, aber bis es soweit ist, \u00fcberlassen wir das Wohnen und Arbeiten im gr\u00fcnen Stockwerkbau noch den Flederm\u00e4usen und xylobionten K\u00e4fern. F\u00fcr einen Kurzbesuch mit Leiter, Endoskop und Seilklettertechnik sind wir ger\u00fcstet und bietet Dienstleistungen im Zusammenhang mit H\u00f6hlenkontrollen und -verschlie\u00dfungen an. Auch Baumpflege in kleinerem Umfang geh\u00f6rt zu unserem Portfolio. Bei gr\u00f6\u00dferen Auftr\u00e4gen verweisen wir gern auf unsere Gesch\u00e4fts-Partner in Dresden und Umgebung.\" \/>\n<meta property=\"og:url\" content=\"https:\/\/dasnatlab.de\/index.php\/arboristik\/\" \/>\n<meta property=\"og:site_name\" content=\"Das Natlab\" \/>\n<meta property=\"article:modified_time\" content=\"2019-07-03T05:37:34+00:00\" \/>\n<meta property=\"og:image\" content=\"http:\/\/dasnatlab.de\/wp-content\/uploads\/2019\/07\/IMGP4634-683x1024.jpg\" \/>\n<meta name=\"twitter:card\" content=\"summary_large_image\" \/>\n<meta name=\"twitter:label1\" content=\"Est. reading time\" \/>\n\t<meta name=\"twitter:data1\" content=\"1 minute\" \/>\n<script type=\"application\/ld+json\" class=\"yoast-schema-graph\">{\"@context\":\"https:\/\/schema.org\",\"@graph\":[{\"@type\":\"WebPage\",\"@id\":\"https:\/\/dasnatlab.de\/index.php\/arboristik\/\",\"url\":\"https:\/\/dasnatlab.de\/index.php\/arboristik\/\",\"name\":\"Arboristik &middot; Das Natlab\",\"isPartOf\":{\"@id\":\"http:\/\/dasnatlab.de\/#website\"},\"datePublished\":\"2019-07-02T20:54:58+00:00\",\"dateModified\":\"2019-07-03T05:37:34+00:00\",\"breadcrumb\":{\"@id\":\"https:\/\/dasnatlab.de\/index.php\/arboristik\/#breadcrumb\"},\"inLanguage\":\"en-US\",\"potentialAction\":[{\"@type\":\"ReadAction\",\"target\":[\"https:\/\/dasnatlab.de\/index.php\/arboristik\/\"]}]},{\"@type\":\"BreadcrumbList\",\"@id\":\"https:\/\/dasnatlab.de\/index.php\/arboristik\/#breadcrumb\",\"itemListElement\":[{\"@type\":\"ListItem\",\"position\":1,\"name\":\"Home\",\"item\":\"http:\/\/dasnatlab.de\/\"},{\"@type\":\"ListItem\",\"position\":2,\"name\":\"Arboristik\"}]},{\"@type\":\"WebSite\",\"@id\":\"http:\/\/dasnatlab.de\/#website\",\"url\":\"http:\/\/dasnatlab.de\/\",\"name\":\"Das Natlab\",\"description\":\"Planung. Daten. Arboristik.\",\"potentialAction\":[{\"@type\":\"SearchAction\",\"target\":{\"@type\":\"EntryPoint\",\"urlTemplate\":\"http:\/\/dasnatlab.de\/?s={search_term_string}\"},\"query-input\":\"required name=search_term_string\"}],\"inLanguage\":\"en-US\"}]}<\/script>\n<!-- \/ Yoast SEO plugin. -->","yoast_head_json":{"title":"Arboristik &middot; Das Natlab","robots":{"index":"index","follow":"follow","max-snippet":"max-snippet:-1","max-image-preview":"max-image-preview:large","max-video-preview":"max-video-preview:-1"},"canonical":"https:\/\/dasnatlab.de\/index.php\/arboristik\/","og_locale":"en_US","og_type":"article","og_title":"Arboristik &middot; Das Natlab","og_description":"Wenn man vor lauter Wald die B\u00e4ume nicht mehr sieht, wird es Zeit, das Kletterseil einzuwerfen und in die Wipfel zu steigen! Wir tr\u00e4umen von einem Baumhausb\u00fcro, aber bis es soweit ist, \u00fcberlassen wir das Wohnen und Arbeiten im gr\u00fcnen Stockwerkbau noch den Flederm\u00e4usen und xylobionten K\u00e4fern. F\u00fcr einen Kurzbesuch mit Leiter, Endoskop und Seilklettertechnik sind wir ger\u00fcstet und bietet Dienstleistungen im Zusammenhang mit H\u00f6hlenkontrollen und -verschlie\u00dfungen an. Auch Baumpflege in kleinerem Umfang geh\u00f6rt zu unserem Portfolio. Bei gr\u00f6\u00dferen Auftr\u00e4gen verweisen wir gern auf unsere Gesch\u00e4fts-Partner in Dresden und Umgebung.","og_url":"https:\/\/dasnatlab.de\/index.php\/arboristik\/","og_site_name":"Das Natlab","article_modified_time":"2019-07-03T05:37:34+00:00","og_image":[{"url":"http:\/\/dasnatlab.de\/wp-content\/uploads\/2019\/07\/IMGP4634-683x1024.jpg"}],"twitter_card":"summary_large_image","twitter_misc":{"Est. reading time":"1 minute"},"schema":{"@context":"https:\/\/schema.org","@graph":[{"@type":"WebPage","@id":"https:\/\/dasnatlab.de\/index.php\/arboristik\/","url":"https:\/\/dasnatlab.de\/index.php\/arboristik\/","name":"Arboristik &middot; Das Natlab","isPartOf":{"@id":"http:\/\/dasnatlab.de\/#website"},"datePublished":"2019-07-02T20:54:58+00:00","dateModified":"2019-07-03T05:37:34+00:00","breadcrumb":{"@id":"https:\/\/dasnatlab.de\/index.php\/arboristik\/#breadcrumb"},"inLanguage":"en-US","potentialAction":[{"@type":"ReadAction","target":["https:\/\/dasnatlab.de\/index.php\/arboristik\/"]}]},{"@type":"BreadcrumbList","@id":"https:\/\/dasnatlab.de\/index.php\/arboristik\/#breadcrumb","itemListElement":[{"@type":"ListItem","position":1,"name":"Home","item":"http:\/\/dasnatlab.de\/"},{"@type":"ListItem","position":2,"name":"Arboristik"}]},{"@type":"WebSite","@id":"http:\/\/dasnatlab.de\/#website","url":"http:\/\/dasnatlab.de\/","name":"Das Natlab","description":"Planung. Daten. Arboristik.","potentialAction":[{"@type":"SearchAction","target":{"@type":"EntryPoint","urlTemplate":"http:\/\/dasnatlab.de\/?s={search_term_string}"},"query-input":"required name=search_term_string"}],"inLanguage":"en-US"}]}},"_links":{"self":[{"href":"https:\/\/dasnatlab.de\/index.php\/wp-json\/wp\/v2\/pages\/35"}],"collection":[{"href":"https:\/\/dasnatlab.de\/index.php\/wp-json\/wp\/v2\/pages"}],"about":[{"href":"https:\/\/dasnatlab.de\/index.php\/wp-json\/wp\/v2\/types\/page"}],"author":[{"embeddable":true,"href":"https:\/\/dasnatlab.de\/index.php\/wp-json\/wp\/v2\/users\/1"}],"replies":[{"embeddable":true,"href":"https:\/\/dasnatlab.de\/index.php\/wp-json\/wp\/v2\/comments?post=35"}],"version-history":[{"count":2,"href":"https:\/\/dasnatlab.de\/index.php\/wp-json\/wp\/v2\/pages\/35\/revisions"}],"predecessor-version":[{"id":84,"href":"https:\/\/dasnatlab.de\/index.php\/wp-json\/wp\/v2\/pages\/35\/revisions\/84"}],"wp:attachment":[{"href":"https:\/\/dasnatlab.de\/index.php\/wp-json\/wp\/v2\/media?parent=35"}],"curies":[{"name":"wp","href":"https:\/\/api.w.org\/{rel}","templated":true}]}}