{"id":38,"date":"2019-07-02T20:56:25","date_gmt":"2019-07-02T20:56:25","guid":{"rendered":"http:\/\/dasnatlab.de\/?page_id=38"},"modified":"2019-08-01T10:50:08","modified_gmt":"2019-08-01T10:50:08","slug":"daten","status":"publish","type":"page","link":"https:\/\/dasnatlab.de\/index.php\/daten\/","title":{"rendered":"Daten"},"content":{"rendered":"\n<p>Data mining und\nModellierung nehmen in der \u00d6kologie eine immer gr\u00f6\u00dfere Rolle ein. \n<\/p>\n\n\n\n<p>Unser Anspruch:\nWissenschaftlich und methodisch immer auf dem neuesten Stand zu sein\nund unsere Expertise auf dem Gebiet der Geodatenverarbeitung,\nmultivariaten Statistik und der Data Science produktiv in neue\nThemengebiete hineinzutragen. \n<\/p>\n\n\n\n<p>Unsere Philosophie: Die Nutzung freier Software und die Steigerung der Zug\u00e4nglichkeit von Wissen. Skripte zur Auswertung der Daten in R und weiteren Code k\u00f6nnen Sie deshalb hier auf unserem GitHub-Account einsehen. (Link folgt, Webseite befindet sich noch im Aufbau)<\/p>\n","protected":false},"excerpt":{"rendered":"<p>Data mining und Modellierung nehmen in der \u00d6kologie eine immer gr\u00f6\u00dfere Rolle ein. Unser Anspruch: Wissenschaftlich und methodisch immer auf dem neuesten Stand zu sein und unsere Expertise auf dem Gebiet der Geodatenverarbeitung, multivariaten Statistik und der Data Science produktiv in neue Themengebiete hineinzutragen. Unsere Philosophie: Die Nutzung freier Software und die Steigerung der Zug\u00e4nglichkeit von Wissen. Skripte zur Auswertung der Daten in R und weiteren Code k\u00f6nnen Sie deshalb hier auf unserem GitHub-Account einsehen. (Link folgt, Webseite befindet sich noch im Aufbau)<\/p>\n","protected":false},"author":1,"featured_media":0,"parent":0,"menu_order":0,"comment_status":"closed","ping_status":"closed","template":"","meta":[],"yoast_head":"<!-- This site is optimized with the Yoast SEO plugin v19.13 - https:\/\/yoast.com\/wordpress\/plugins\/seo\/ -->\n<title>Daten &middot; Das Natlab<\/title>\n<meta name=\"robots\" content=\"index, follow, max-snippet:-1, max-image-preview:large, max-video-preview:-1\" \/>\n<link rel=\"canonical\" href=\"https:\/\/dasnatlab.de\/index.php\/daten\/\" \/>\n<meta property=\"og:locale\" content=\"en_US\" \/>\n<meta property=\"og:type\" content=\"article\" \/>\n<meta property=\"og:title\" content=\"Daten &middot; Das Natlab\" \/>\n<meta property=\"og:description\" content=\"Data mining und Modellierung nehmen in der \u00d6kologie eine immer gr\u00f6\u00dfere Rolle ein. Unser Anspruch: Wissenschaftlich und methodisch immer auf dem neuesten Stand zu sein und unsere Expertise auf dem Gebiet der Geodatenverarbeitung, multivariaten Statistik und der Data Science produktiv in neue Themengebiete hineinzutragen. Unsere Philosophie: Die Nutzung freier Software und die Steigerung der Zug\u00e4nglichkeit von Wissen. Skripte zur Auswertung der Daten in R und weiteren Code k\u00f6nnen Sie deshalb hier auf unserem GitHub-Account einsehen. (Link folgt, Webseite befindet sich noch im Aufbau)\" \/>\n<meta property=\"og:url\" content=\"https:\/\/dasnatlab.de\/index.php\/daten\/\" \/>\n<meta property=\"og:site_name\" content=\"Das Natlab\" \/>\n<meta property=\"article:modified_time\" content=\"2019-08-01T10:50:08+00:00\" \/>\n<meta name=\"twitter:card\" content=\"summary_large_image\" \/>\n<script type=\"application\/ld+json\" class=\"yoast-schema-graph\">{\"@context\":\"https:\/\/schema.org\",\"@graph\":[{\"@type\":\"WebPage\",\"@id\":\"https:\/\/dasnatlab.de\/index.php\/daten\/\",\"url\":\"https:\/\/dasnatlab.de\/index.php\/daten\/\",\"name\":\"Daten &middot; Das Natlab\",\"isPartOf\":{\"@id\":\"http:\/\/dasnatlab.de\/#website\"},\"datePublished\":\"2019-07-02T20:56:25+00:00\",\"dateModified\":\"2019-08-01T10:50:08+00:00\",\"breadcrumb\":{\"@id\":\"https:\/\/dasnatlab.de\/index.php\/daten\/#breadcrumb\"},\"inLanguage\":\"en-US\",\"potentialAction\":[{\"@type\":\"ReadAction\",\"target\":[\"https:\/\/dasnatlab.de\/index.php\/daten\/\"]}]},{\"@type\":\"BreadcrumbList\",\"@id\":\"https:\/\/dasnatlab.de\/index.php\/daten\/#breadcrumb\",\"itemListElement\":[{\"@type\":\"ListItem\",\"position\":1,\"name\":\"Home\",\"item\":\"http:\/\/dasnatlab.de\/\"},{\"@type\":\"ListItem\",\"position\":2,\"name\":\"Daten\"}]},{\"@type\":\"WebSite\",\"@id\":\"http:\/\/dasnatlab.de\/#website\",\"url\":\"http:\/\/dasnatlab.de\/\",\"name\":\"Das Natlab\",\"description\":\"Planung. Daten. Arboristik.\",\"potentialAction\":[{\"@type\":\"SearchAction\",\"target\":{\"@type\":\"EntryPoint\",\"urlTemplate\":\"http:\/\/dasnatlab.de\/?s={search_term_string}\"},\"query-input\":\"required name=search_term_string\"}],\"inLanguage\":\"en-US\"}]}<\/script>\n<!-- \/ Yoast SEO plugin. -->","yoast_head_json":{"title":"Daten &middot; Das Natlab","robots":{"index":"index","follow":"follow","max-snippet":"max-snippet:-1","max-image-preview":"max-image-preview:large","max-video-preview":"max-video-preview:-1"},"canonical":"https:\/\/dasnatlab.de\/index.php\/daten\/","og_locale":"en_US","og_type":"article","og_title":"Daten &middot; Das Natlab","og_description":"Data mining und Modellierung nehmen in der \u00d6kologie eine immer gr\u00f6\u00dfere Rolle ein. Unser Anspruch: Wissenschaftlich und methodisch immer auf dem neuesten Stand zu sein und unsere Expertise auf dem Gebiet der Geodatenverarbeitung, multivariaten Statistik und der Data Science produktiv in neue Themengebiete hineinzutragen. Unsere Philosophie: Die Nutzung freier Software und die Steigerung der Zug\u00e4nglichkeit von Wissen. Skripte zur Auswertung der Daten in R und weiteren Code k\u00f6nnen Sie deshalb hier auf unserem GitHub-Account einsehen. (Link folgt, Webseite befindet sich noch im Aufbau)","og_url":"https:\/\/dasnatlab.de\/index.php\/daten\/","og_site_name":"Das Natlab","article_modified_time":"2019-08-01T10:50:08+00:00","twitter_card":"summary_large_image","schema":{"@context":"https:\/\/schema.org","@graph":[{"@type":"WebPage","@id":"https:\/\/dasnatlab.de\/index.php\/daten\/","url":"https:\/\/dasnatlab.de\/index.php\/daten\/","name":"Daten &middot; Das Natlab","isPartOf":{"@id":"http:\/\/dasnatlab.de\/#website"},"datePublished":"2019-07-02T20:56:25+00:00","dateModified":"2019-08-01T10:50:08+00:00","breadcrumb":{"@id":"https:\/\/dasnatlab.de\/index.php\/daten\/#breadcrumb"},"inLanguage":"en-US","potentialAction":[{"@type":"ReadAction","target":["https:\/\/dasnatlab.de\/index.php\/daten\/"]}]},{"@type":"BreadcrumbList","@id":"https:\/\/dasnatlab.de\/index.php\/daten\/#breadcrumb","itemListElement":[{"@type":"ListItem","position":1,"name":"Home","item":"http:\/\/dasnatlab.de\/"},{"@type":"ListItem","position":2,"name":"Daten"}]},{"@type":"WebSite","@id":"http:\/\/dasnatlab.de\/#website","url":"http:\/\/dasnatlab.de\/","name":"Das Natlab","description":"Planung. Daten. Arboristik.","potentialAction":[{"@type":"SearchAction","target":{"@type":"EntryPoint","urlTemplate":"http:\/\/dasnatlab.de\/?s={search_term_string}"},"query-input":"required name=search_term_string"}],"inLanguage":"en-US"}]}},"_links":{"self":[{"href":"https:\/\/dasnatlab.de\/index.php\/wp-json\/wp\/v2\/pages\/38"}],"collection":[{"href":"https:\/\/dasnatlab.de\/index.php\/wp-json\/wp\/v2\/pages"}],"about":[{"href":"https:\/\/dasnatlab.de\/index.php\/wp-json\/wp\/v2\/types\/page"}],"author":[{"embeddable":true,"href":"https:\/\/dasnatlab.de\/index.php\/wp-json\/wp\/v2\/users\/1"}],"replies":[{"embeddable":true,"href":"https:\/\/dasnatlab.de\/index.php\/wp-json\/wp\/v2\/comments?post=38"}],"version-history":[{"count":4,"href":"https:\/\/dasnatlab.de\/index.php\/wp-json\/wp\/v2\/pages\/38\/revisions"}],"predecessor-version":[{"id":158,"href":"https:\/\/dasnatlab.de\/index.php\/wp-json\/wp\/v2\/pages\/38\/revisions\/158"}],"wp:attachment":[{"href":"https:\/\/dasnatlab.de\/index.php\/wp-json\/wp\/v2\/media?parent=38"}],"curies":[{"name":"wp","href":"https:\/\/api.w.org\/{rel}","templated":true}]}}