{"id":52,"date":"2019-07-02T21:19:03","date_gmt":"2019-07-02T21:19:03","guid":{"rendered":"http:\/\/dasnatlab.de\/?page_id=52"},"modified":"2020-07-04T05:45:29","modified_gmt":"2020-07-04T05:45:29","slug":"planung","status":"publish","type":"page","link":"https:\/\/dasnatlab.de\/index.php\/planung\/","title":{"rendered":"Referenzen"},"content":{"rendered":"\n<p>Ver\u00f6ffentlichungen: <\/p>\n\n\n\n<p>06\/2020 Forker, M., Bouwman, M. &amp; A. Roloff: Baumarten f\u00fcr den Klimawandel &#8211; 10 Jahre Waldlabor K\u00f6ln. Erschienen in: AFZ Der Wald, 12\/2020<\/p>\n\n\n\n<p>Projektmitarbeit (Auswahl):<\/p>\n\n\n\n<p>08\/2017 \u2013 10\/2018 Projekt <a href=\"http:\/\/urbane-waelder.de\/\" target=\"_blank\" rel=\"noreferrer noopener\" aria-label=\"Urbane W\u00e4lder (opens in a new tab)\">Urbane W\u00e4lder<\/a> \u2013 Monitoring einer Urbanen Waldfl\u00e4che: Kartierung auf dem Gebiet Stadtg\u00e4rtnerei Holz in Leipzig zur Erfassung der Zuw\u00e4chse der Geh\u00f6lze und Prognose \u00fcber zuk\u00fcnftige Entwicklung.<\/p>\n\n\n\n<p>Die Projektberichte sind jetzt online: <\/p>\n\n\n\n<p><a href=\"http:\/\/urbane-waelder.de\/Bilder\/Modul_Flora_I.pdf\" target=\"_blank\" rel=\"noreferrer noopener\" aria-label=\" (opens in a new tab)\">http:\/\/urbane-waelder.de\/Bilder\/Modul_Flora_I.pdf<\/a><\/p>\n\n\n\n<p><a href=\"http:\/\/urbane-waelder.de\/Bilder\/Modul_Flora_II.pdf\" target=\"_blank\" rel=\"noreferrer noopener\" aria-label=\" (opens in a new tab)\">http:\/\/urbane-waelder.de\/Bilder\/Modul_Flora_II.pdf<\/a><\/p>\n\n\n\n<p>05\/2017 \u2013 10\/2017 \u201eKartierung des Offenlandes der High Nature Value-Probefl\u00e4chen 2017\u201c, Los 3 (Nr. 313): Mittelsachsen.<\/p>\n\n\n\n<p>09\/2017 Ortsumgehung Nordhorn: Kontrolle aller potentiellen H\u00f6hlenb\u00e4ume auf <a href=\"http:\/\/dasnatlab.de\/index.php\/2019\/07\/03\/nordhorn-umgehungsstrasse\/\" target=\"_blank\" rel=\"noreferrer noopener\" aria-label=\"Fledermausbesatz (opens in a new tab)\">Fledermausbesatz<\/a>.  <\/p>\n\n\n\n<p>03\/2017 \u2013 06\/2017 Strukturkartierung in W\u00e4ldern zur Potentialabsch\u00e4tzung des Vorkommens vonBechstein- u. Mopsfledermaus, Haselmaus und drei xylobionten K\u00e4ferarten Projekt S\u00fcdLink.<\/p>\n","protected":false},"excerpt":{"rendered":"<p>Ver\u00f6ffentlichungen: 06\/2020 Forker, M., Bouwman, M. &amp; A. Roloff: Baumarten f\u00fcr den Klimawandel &#8211; 10 Jahre Waldlabor K\u00f6ln. Erschienen in: AFZ Der Wald, 12\/2020 Projektmitarbeit (Auswahl): 08\/2017 \u2013 10\/2018 Projekt Urbane W\u00e4lder \u2013 Monitoring einer Urbanen Waldfl\u00e4che: Kartierung auf dem Gebiet Stadtg\u00e4rtnerei Holz in Leipzig zur Erfassung der Zuw\u00e4chse der Geh\u00f6lze und Prognose \u00fcber zuk\u00fcnftige Entwicklung. Die Projektberichte sind jetzt online: http:\/\/urbane-waelder.de\/Bilder\/Modul_Flora_I.pdf http:\/\/urbane-waelder.de\/Bilder\/Modul_Flora_II.pdf 05\/2017 \u2013 10\/2017 \u201eKartierung des Offenlandes der High Nature Value-Probefl\u00e4chen 2017\u201c, Los 3 (Nr. 313): Mittelsachsen. 09\/2017 Ortsumgehung Nordhorn: Kontrolle aller potentiellen H\u00f6hlenb\u00e4ume auf Fledermausbesatz. 03\/2017 \u2013 06\/2017 Strukturkartierung in W\u00e4ldern zur Potentialabsch\u00e4tzung des Vorkommens vonBechstein- u. Mopsfledermaus, Haselmaus und drei xylobionten K\u00e4ferarten Projekt S\u00fcdLink.<\/p>\n","protected":false},"author":1,"featured_media":0,"parent":0,"menu_order":0,"comment_status":"closed","ping_status":"closed","template":"","meta":[],"yoast_head":"<!-- This site is optimized with the Yoast SEO plugin v19.13 - https:\/\/yoast.com\/wordpress\/plugins\/seo\/ -->\n<title>Referenzen &middot; Das Natlab<\/title>\n<meta name=\"robots\" content=\"index, follow, max-snippet:-1, max-image-preview:large, max-video-preview:-1\" \/>\n<link rel=\"canonical\" href=\"https:\/\/dasnatlab.de\/index.php\/planung\/\" \/>\n<meta property=\"og:locale\" content=\"en_US\" \/>\n<meta property=\"og:type\" content=\"article\" \/>\n<meta property=\"og:title\" content=\"Referenzen &middot; Das Natlab\" \/>\n<meta property=\"og:description\" content=\"Ver\u00f6ffentlichungen: 06\/2020 Forker, M., Bouwman, M. &amp; A. Roloff: Baumarten f\u00fcr den Klimawandel &#8211; 10 Jahre Waldlabor K\u00f6ln. Erschienen in: AFZ Der Wald, 12\/2020 Projektmitarbeit (Auswahl): 08\/2017 \u2013 10\/2018 Projekt Urbane W\u00e4lder \u2013 Monitoring einer Urbanen Waldfl\u00e4che: Kartierung auf dem Gebiet Stadtg\u00e4rtnerei Holz in Leipzig zur Erfassung der Zuw\u00e4chse der Geh\u00f6lze und Prognose \u00fcber zuk\u00fcnftige Entwicklung. Die Projektberichte sind jetzt online: http:\/\/urbane-waelder.de\/Bilder\/Modul_Flora_I.pdf http:\/\/urbane-waelder.de\/Bilder\/Modul_Flora_II.pdf 05\/2017 \u2013 10\/2017 \u201eKartierung des Offenlandes der High Nature Value-Probefl\u00e4chen 2017\u201c, Los 3 (Nr. 313): Mittelsachsen. 09\/2017 Ortsumgehung Nordhorn: Kontrolle aller potentiellen H\u00f6hlenb\u00e4ume auf Fledermausbesatz. 03\/2017 \u2013 06\/2017 Strukturkartierung in W\u00e4ldern zur Potentialabsch\u00e4tzung des Vorkommens vonBechstein- u. Mopsfledermaus, Haselmaus und drei xylobionten K\u00e4ferarten Projekt S\u00fcdLink.\" \/>\n<meta property=\"og:url\" content=\"https:\/\/dasnatlab.de\/index.php\/planung\/\" \/>\n<meta property=\"og:site_name\" content=\"Das Natlab\" \/>\n<meta property=\"article:modified_time\" content=\"2020-07-04T05:45:29+00:00\" \/>\n<meta name=\"twitter:card\" content=\"summary_large_image\" \/>\n<meta name=\"twitter:label1\" content=\"Est. reading time\" \/>\n\t<meta name=\"twitter:data1\" content=\"1 minute\" \/>\n<script type=\"application\/ld+json\" class=\"yoast-schema-graph\">{\"@context\":\"https:\/\/schema.org\",\"@graph\":[{\"@type\":\"WebPage\",\"@id\":\"https:\/\/dasnatlab.de\/index.php\/planung\/\",\"url\":\"https:\/\/dasnatlab.de\/index.php\/planung\/\",\"name\":\"Referenzen &middot; Das Natlab\",\"isPartOf\":{\"@id\":\"http:\/\/dasnatlab.de\/#website\"},\"datePublished\":\"2019-07-02T21:19:03+00:00\",\"dateModified\":\"2020-07-04T05:45:29+00:00\",\"breadcrumb\":{\"@id\":\"https:\/\/dasnatlab.de\/index.php\/planung\/#breadcrumb\"},\"inLanguage\":\"en-US\",\"potentialAction\":[{\"@type\":\"ReadAction\",\"target\":[\"https:\/\/dasnatlab.de\/index.php\/planung\/\"]}]},{\"@type\":\"BreadcrumbList\",\"@id\":\"https:\/\/dasnatlab.de\/index.php\/planung\/#breadcrumb\",\"itemListElement\":[{\"@type\":\"ListItem\",\"position\":1,\"name\":\"Home\",\"item\":\"https:\/\/dasnatlab.de\/\"},{\"@type\":\"ListItem\",\"position\":2,\"name\":\"Referenzen\"}]},{\"@type\":\"WebSite\",\"@id\":\"http:\/\/dasnatlab.de\/#website\",\"url\":\"http:\/\/dasnatlab.de\/\",\"name\":\"Das Natlab\",\"description\":\"Planung. Daten. Arboristik.\",\"potentialAction\":[{\"@type\":\"SearchAction\",\"target\":{\"@type\":\"EntryPoint\",\"urlTemplate\":\"http:\/\/dasnatlab.de\/?s={search_term_string}\"},\"query-input\":\"required name=search_term_string\"}],\"inLanguage\":\"en-US\"}]}<\/script>\n<!-- \/ Yoast SEO plugin. -->","yoast_head_json":{"title":"Referenzen &middot; Das Natlab","robots":{"index":"index","follow":"follow","max-snippet":"max-snippet:-1","max-image-preview":"max-image-preview:large","max-video-preview":"max-video-preview:-1"},"canonical":"https:\/\/dasnatlab.de\/index.php\/planung\/","og_locale":"en_US","og_type":"article","og_title":"Referenzen &middot; Das Natlab","og_description":"Ver\u00f6ffentlichungen: 06\/2020 Forker, M., Bouwman, M. &amp; A. Roloff: Baumarten f\u00fcr den Klimawandel &#8211; 10 Jahre Waldlabor K\u00f6ln. Erschienen in: AFZ Der Wald, 12\/2020 Projektmitarbeit (Auswahl): 08\/2017 \u2013 10\/2018 Projekt Urbane W\u00e4lder \u2013 Monitoring einer Urbanen Waldfl\u00e4che: Kartierung auf dem Gebiet Stadtg\u00e4rtnerei Holz in Leipzig zur Erfassung der Zuw\u00e4chse der Geh\u00f6lze und Prognose \u00fcber zuk\u00fcnftige Entwicklung. Die Projektberichte sind jetzt online: http:\/\/urbane-waelder.de\/Bilder\/Modul_Flora_I.pdf http:\/\/urbane-waelder.de\/Bilder\/Modul_Flora_II.pdf 05\/2017 \u2013 10\/2017 \u201eKartierung des Offenlandes der High Nature Value-Probefl\u00e4chen 2017\u201c, Los 3 (Nr. 313): Mittelsachsen. 09\/2017 Ortsumgehung Nordhorn: Kontrolle aller potentiellen H\u00f6hlenb\u00e4ume auf Fledermausbesatz. 03\/2017 \u2013 06\/2017 Strukturkartierung in W\u00e4ldern zur Potentialabsch\u00e4tzung des Vorkommens vonBechstein- u. Mopsfledermaus, Haselmaus und drei xylobionten K\u00e4ferarten Projekt S\u00fcdLink.","og_url":"https:\/\/dasnatlab.de\/index.php\/planung\/","og_site_name":"Das Natlab","article_modified_time":"2020-07-04T05:45:29+00:00","twitter_card":"summary_large_image","twitter_misc":{"Est. reading time":"1 minute"},"schema":{"@context":"https:\/\/schema.org","@graph":[{"@type":"WebPage","@id":"https:\/\/dasnatlab.de\/index.php\/planung\/","url":"https:\/\/dasnatlab.de\/index.php\/planung\/","name":"Referenzen &middot; Das Natlab","isPartOf":{"@id":"http:\/\/dasnatlab.de\/#website"},"datePublished":"2019-07-02T21:19:03+00:00","dateModified":"2020-07-04T05:45:29+00:00","breadcrumb":{"@id":"https:\/\/dasnatlab.de\/index.php\/planung\/#breadcrumb"},"inLanguage":"en-US","potentialAction":[{"@type":"ReadAction","target":["https:\/\/dasnatlab.de\/index.php\/planung\/"]}]},{"@type":"BreadcrumbList","@id":"https:\/\/dasnatlab.de\/index.php\/planung\/#breadcrumb","itemListElement":[{"@type":"ListItem","position":1,"name":"Home","item":"https:\/\/dasnatlab.de\/"},{"@type":"ListItem","position":2,"name":"Referenzen"}]},{"@type":"WebSite","@id":"http:\/\/dasnatlab.de\/#website","url":"http:\/\/dasnatlab.de\/","name":"Das Natlab","description":"Planung. Daten. Arboristik.","potentialAction":[{"@type":"SearchAction","target":{"@type":"EntryPoint","urlTemplate":"http:\/\/dasnatlab.de\/?s={search_term_string}"},"query-input":"required name=search_term_string"}],"inLanguage":"en-US"}]}},"_links":{"self":[{"href":"https:\/\/dasnatlab.de\/index.php\/wp-json\/wp\/v2\/pages\/52"}],"collection":[{"href":"https:\/\/dasnatlab.de\/index.php\/wp-json\/wp\/v2\/pages"}],"about":[{"href":"https:\/\/dasnatlab.de\/index.php\/wp-json\/wp\/v2\/types\/page"}],"author":[{"embeddable":true,"href":"https:\/\/dasnatlab.de\/index.php\/wp-json\/wp\/v2\/users\/1"}],"replies":[{"embeddable":true,"href":"https:\/\/dasnatlab.de\/index.php\/wp-json\/wp\/v2\/comments?post=52"}],"version-history":[{"count":8,"href":"https:\/\/dasnatlab.de\/index.php\/wp-json\/wp\/v2\/pages\/52\/revisions"}],"predecessor-version":[{"id":338,"href":"https:\/\/dasnatlab.de\/index.php\/wp-json\/wp\/v2\/pages\/52\/revisions\/338"}],"wp:attachment":[{"href":"https:\/\/dasnatlab.de\/index.php\/wp-json\/wp\/v2\/media?parent=52"}],"curies":[{"name":"wp","href":"https:\/\/api.w.org\/{rel}","templated":true}]}}