{"id":8,"date":"2019-07-02T14:42:17","date_gmt":"2019-07-02T14:42:17","guid":{"rendered":"http:\/\/dasnatlab.de\/?page_id=8"},"modified":"2020-01-11T17:48:55","modified_gmt":"2020-01-11T17:48:55","slug":"das-natlab-planung-daten-arboristik","status":"publish","type":"page","link":"https:\/\/dasnatlab.de\/","title":{"rendered":"Das Natlab &#8211; Natur-Labor und mehr"},"content":{"rendered":"\n<p>Wir sind ein Umweltplanungsb\u00fcro mit wissenschaftlicher Ausrichtung. Von  Vegetationskunde bis zu Fledermaush\u00f6hlenkontrollen decken wir verschiedene Bereiche der Freiland\u00f6kologie ab.<\/p>\n\n\n\n<p>Ebenso professionell wie bei der Datenerfassung gehen wir bei der Auswertung vor, mit den neuesten Methoden und Tools aus Geoinformatik und Data Science.<\/p>\n\n\n\n<p>Diversit\u00e4t in der Natur erfordert Diversit\u00e4t auf Seiten derjenigen, die sich mit ihr besch\u00e4ftigen. Mit dieser Einstellung arbeiten wir im Natlab, und entwickeln uns sowie unser B\u00fcro st\u00e4ndig weiter.<\/p>\n","protected":false},"excerpt":{"rendered":"<p>Wir sind ein Umweltplanungsb\u00fcro mit wissenschaftlicher Ausrichtung. Von Vegetationskunde bis zu Fledermaush\u00f6hlenkontrollen decken wir verschiedene Bereiche der Freiland\u00f6kologie ab. Ebenso professionell wie bei der Datenerfassung gehen wir bei der Auswertung vor, mit den neuesten Methoden und Tools aus Geoinformatik und Data Science. Diversit\u00e4t in der Natur erfordert Diversit\u00e4t auf Seiten derjenigen, die sich mit ihr besch\u00e4ftigen. Mit dieser Einstellung arbeiten wir im Natlab, und entwickeln uns sowie unser B\u00fcro st\u00e4ndig weiter.<\/p>\n","protected":false},"author":1,"featured_media":0,"parent":0,"menu_order":0,"comment_status":"closed","ping_status":"closed","template":"","meta":[],"yoast_head":"<!-- This site is optimized with the Yoast SEO plugin v19.13 - https:\/\/yoast.com\/wordpress\/plugins\/seo\/ -->\n<title>Das Natlab - Natur-Labor und mehr &middot; Das Natlab<\/title>\n<meta name=\"robots\" content=\"index, follow, max-snippet:-1, max-image-preview:large, max-video-preview:-1\" \/>\n<link rel=\"canonical\" href=\"https:\/\/dasnatlab.de\/\" \/>\n<meta property=\"og:locale\" content=\"en_US\" \/>\n<meta property=\"og:type\" content=\"article\" \/>\n<meta property=\"og:title\" content=\"Das Natlab - Natur-Labor und mehr &middot; Das Natlab\" \/>\n<meta property=\"og:description\" content=\"Wir sind ein Umweltplanungsb\u00fcro mit wissenschaftlicher Ausrichtung. Von Vegetationskunde bis zu Fledermaush\u00f6hlenkontrollen decken wir verschiedene Bereiche der Freiland\u00f6kologie ab. Ebenso professionell wie bei der Datenerfassung gehen wir bei der Auswertung vor, mit den neuesten Methoden und Tools aus Geoinformatik und Data Science. Diversit\u00e4t in der Natur erfordert Diversit\u00e4t auf Seiten derjenigen, die sich mit ihr besch\u00e4ftigen. Mit dieser Einstellung arbeiten wir im Natlab, und entwickeln uns sowie unser B\u00fcro st\u00e4ndig weiter.\" \/>\n<meta property=\"og:url\" content=\"https:\/\/dasnatlab.de\/\" \/>\n<meta property=\"og:site_name\" content=\"Das Natlab\" \/>\n<meta property=\"article:modified_time\" content=\"2020-01-11T17:48:55+00:00\" \/>\n<meta name=\"twitter:card\" content=\"summary_large_image\" \/>\n<script type=\"application\/ld+json\" class=\"yoast-schema-graph\">{\"@context\":\"https:\/\/schema.org\",\"@graph\":[{\"@type\":\"WebPage\",\"@id\":\"https:\/\/dasnatlab.de\/\",\"url\":\"https:\/\/dasnatlab.de\/\",\"name\":\"Das Natlab - Natur-Labor und mehr &middot; Das Natlab\",\"isPartOf\":{\"@id\":\"https:\/\/dasnatlab.de\/#website\"},\"datePublished\":\"2019-07-02T14:42:17+00:00\",\"dateModified\":\"2020-01-11T17:48:55+00:00\",\"breadcrumb\":{\"@id\":\"https:\/\/dasnatlab.de\/#breadcrumb\"},\"inLanguage\":\"en-US\",\"potentialAction\":[{\"@type\":\"ReadAction\",\"target\":[\"https:\/\/dasnatlab.de\/\"]}]},{\"@type\":\"BreadcrumbList\",\"@id\":\"https:\/\/dasnatlab.de\/#breadcrumb\",\"itemListElement\":[{\"@type\":\"ListItem\",\"position\":1,\"name\":\"Home\",\"item\":\"https:\/\/dasnatlab.de\/\"},{\"@type\":\"ListItem\",\"position\":2,\"name\":\"Das Natlab &#8211; Natur-Labor und mehr\"}]},{\"@type\":\"WebSite\",\"@id\":\"https:\/\/dasnatlab.de\/#website\",\"url\":\"https:\/\/dasnatlab.de\/\",\"name\":\"Das Natlab\",\"description\":\"Planung. Daten. Arboristik.\",\"potentialAction\":[{\"@type\":\"SearchAction\",\"target\":{\"@type\":\"EntryPoint\",\"urlTemplate\":\"https:\/\/dasnatlab.de\/?s={search_term_string}\"},\"query-input\":\"required name=search_term_string\"}],\"inLanguage\":\"en-US\"}]}<\/script>\n<!-- \/ Yoast SEO plugin. -->","yoast_head_json":{"title":"Das Natlab - Natur-Labor und mehr &middot; Das Natlab","robots":{"index":"index","follow":"follow","max-snippet":"max-snippet:-1","max-image-preview":"max-image-preview:large","max-video-preview":"max-video-preview:-1"},"canonical":"https:\/\/dasnatlab.de\/","og_locale":"en_US","og_type":"article","og_title":"Das Natlab - Natur-Labor und mehr &middot; Das Natlab","og_description":"Wir sind ein Umweltplanungsb\u00fcro mit wissenschaftlicher Ausrichtung. Von Vegetationskunde bis zu Fledermaush\u00f6hlenkontrollen decken wir verschiedene Bereiche der Freiland\u00f6kologie ab. Ebenso professionell wie bei der Datenerfassung gehen wir bei der Auswertung vor, mit den neuesten Methoden und Tools aus Geoinformatik und Data Science. Diversit\u00e4t in der Natur erfordert Diversit\u00e4t auf Seiten derjenigen, die sich mit ihr besch\u00e4ftigen. Mit dieser Einstellung arbeiten wir im Natlab, und entwickeln uns sowie unser B\u00fcro st\u00e4ndig weiter.","og_url":"https:\/\/dasnatlab.de\/","og_site_name":"Das Natlab","article_modified_time":"2020-01-11T17:48:55+00:00","twitter_card":"summary_large_image","schema":{"@context":"https:\/\/schema.org","@graph":[{"@type":"WebPage","@id":"https:\/\/dasnatlab.de\/","url":"https:\/\/dasnatlab.de\/","name":"Das Natlab - Natur-Labor und mehr &middot; Das Natlab","isPartOf":{"@id":"https:\/\/dasnatlab.de\/#website"},"datePublished":"2019-07-02T14:42:17+00:00","dateModified":"2020-01-11T17:48:55+00:00","breadcrumb":{"@id":"https:\/\/dasnatlab.de\/#breadcrumb"},"inLanguage":"en-US","potentialAction":[{"@type":"ReadAction","target":["https:\/\/dasnatlab.de\/"]}]},{"@type":"BreadcrumbList","@id":"https:\/\/dasnatlab.de\/#breadcrumb","itemListElement":[{"@type":"ListItem","position":1,"name":"Home","item":"https:\/\/dasnatlab.de\/"},{"@type":"ListItem","position":2,"name":"Das Natlab &#8211; Natur-Labor und mehr"}]},{"@type":"WebSite","@id":"https:\/\/dasnatlab.de\/#website","url":"https:\/\/dasnatlab.de\/","name":"Das Natlab","description":"Planung. Daten. Arboristik.","potentialAction":[{"@type":"SearchAction","target":{"@type":"EntryPoint","urlTemplate":"https:\/\/dasnatlab.de\/?s={search_term_string}"},"query-input":"required name=search_term_string"}],"inLanguage":"en-US"}]}},"_links":{"self":[{"href":"https:\/\/dasnatlab.de\/index.php\/wp-json\/wp\/v2\/pages\/8"}],"collection":[{"href":"https:\/\/dasnatlab.de\/index.php\/wp-json\/wp\/v2\/pages"}],"about":[{"href":"https:\/\/dasnatlab.de\/index.php\/wp-json\/wp\/v2\/types\/page"}],"author":[{"embeddable":true,"href":"https:\/\/dasnatlab.de\/index.php\/wp-json\/wp\/v2\/users\/1"}],"replies":[{"embeddable":true,"href":"https:\/\/dasnatlab.de\/index.php\/wp-json\/wp\/v2\/comments?post=8"}],"version-history":[{"count":4,"href":"https:\/\/dasnatlab.de\/index.php\/wp-json\/wp\/v2\/pages\/8\/revisions"}],"predecessor-version":[{"id":300,"href":"https:\/\/dasnatlab.de\/index.php\/wp-json\/wp\/v2\/pages\/8\/revisions\/300"}],"wp:attachment":[{"href":"https:\/\/dasnatlab.de\/index.php\/wp-json\/wp\/v2\/media?parent=8"}],"curies":[{"name":"wp","href":"https:\/\/api.w.org\/{rel}","templated":true}]}}